{"id":2,"date":"2023-04-27T12:11:52","date_gmt":"2023-04-27T12:11:52","guid":{"rendered":"https:\/\/soundberry.pl\/?page_id=2"},"modified":"2023-06-23T08:41:47","modified_gmt":"2023-06-23T08:41:47","slug":"sample-page","status":"publish","type":"page","link":"https:\/\/soundberry.pl\/?page_id=2","title":{"rendered":"Mro\u017cenie akustyczne"},"content":{"rendered":"\n<p>Witamy na naszej stronie po\u015bwi\u0119conej rewolucyjnej technologii \u2013 mro\u017ceniu akustycznym!<\/p>\n\n\n\n<p>Jeste\u015bmy pasjonatami innowacyjnych rozwi\u0105za\u0144, kt\u00f3re pomagaj\u0105 w zachowaniu najwy\u017cszej jako\u015bci produkt\u00f3w, jednocze\u015bnie dbaj\u0105c o \u015brodowisko. Dzi\u0119ki naszej technologii mro\u017cenia akustycznego, mo\u017cemy zapewni\u0107 te korzy\u015bci dla naszych klient\u00f3w.<\/p>\n\n\n\n<p>Mro\u017cenie akustyczne to proces, kt\u00f3ry wykorzystuje fale d\u017awi\u0119kowe do szybkiego i r\u00f3wnomiernego mro\u017cenia produkt\u00f3w. Ta metoda ma wiele zalet w por\u00f3wnaniu do tradycyjnych metod mro\u017cenia. Przede wszystkim pozwala na utrzymanie struktury, smaku i warto\u015bci od\u017cywczych mro\u017conych produkt\u00f3w. Ponadto, jest bardziej efektywna energetycznie, co przek\u0142ada si\u0119 na oszcz\u0119dno\u015bci dla producent\u00f3w i konsument\u00f3w, a tak\u017ce korzy\u015bci dla \u015brodowiska.<\/p>\n\n\n\n<p>Na naszej stronie dowiesz si\u0119 wi\u0119cej o procesie mro\u017cenia akustycznego, jego zaletach oraz zastosowaniach. Oferujemy r\u00f3wnie\u017c profesjonalne us\u0142ugi w zakresie mro\u017cenia akustycznego dla firm z r\u00f3\u017cnych sektor\u00f3w przemys\u0142u.<\/p>\n\n\n\n<p>Zapraszamy do odkrywania \u015bwiata mro\u017cenia akustycznego razem z nami!<\/p>\n\n\n\n<p>\u00a0\u00a0\u00a0\u00a0\u00a0\u00a0\u00a0\u00a0\u00a0\u00a0\u00a0\u00a0\u00a0\u00a0\u00a0\u00a0\u00a0\u00a0\u00a0\u00a0\u00a0\u00a0\u00a0\u00a0\u00a0\u00a0\u00a0\u00a0\u00a0\u00a0\u00a0\u00a0\u00a0\u00a0\u00a0\u00a0\u00a0\u00a0\u00a0\u00a0\u00a0\u00a0\u00a0\u00a0\u00a0\u00a0\u00a0\u00a0\u00a0\u00a0\u00a0\u00a0\u00a0\u00a0\u00a0\u00a0\u00a0\u00a0\u00a0\u00a0\u00a0\u00a0\u00a0\u00a0\u00a0\u00a0\u00a0\u00a0\u00a0\u00a0\u00a0\u00a0\u00a0\u00a0\u00a0\u00a0\u00a0\u00a0\u00a0\u00a0\u00a0\u00a0\u00a0\u00a0\u00a0\u00a0\u00a0\u00a0\u00a0\u00a0\u00a0\u00a0\u00a0\u00a0\u00a0\u00a0\u00a0\u00a0\u00a0\u00a0\u00a0\u00a0\u00a0\u00a0\u00a0\u00a0\u00a0\u00a0\u00a0\u00a0\u00a0\u00a0\u00a0\u00a0\u00a0\u00a0\u00a0\u00a0\u00a0\u00a0\u00a0\u00a0\u00a0\u00a0\u00a0\u00a0\u00a0\u00a0\u00a0\u00a0\u00a0\u00a0\u00a0\u00a0\u00a0\u00a0\u00a0\u00a0\u00a0\u00a0\u00a0\u00a0\u00a0\u00a0\u00a0\u00a0\u00a0\u00a0\u00a0\u00a0\u00a0\u00a0\u00a0\u00a0\u00a0\u00a0<\/p>\n\n\n\n<p><\/p>\n\n\n\n<p><\/p>\n","protected":false},"excerpt":{"rendered":"<p>Witamy na naszej stronie po\u015bwi\u0119conej rewolucyjnej technologii \u2013 mro\u017ceniu akustycznym! Jeste\u015bmy pasjonatami innowacyjnych rozwi\u0105za\u0144, kt\u00f3re pomagaj\u0105 w zachowaniu najwy\u017cszej jako\u015bci produkt\u00f3w, jednocze\u015bnie dbaj\u0105c o \u015brodowisko. &hellip; <\/p>\n","protected":false},"author":1,"featured_media":0,"parent":0,"menu_order":0,"comment_status":"closed","ping_status":"open","template":"","meta":{"footnotes":""},"class_list":["post-2","page","type-page","status-publish","hentry"],"_links":{"self":[{"href":"https:\/\/soundberry.pl\/index.php?rest_route=\/wp\/v2\/pages\/2","targetHints":{"allow":["GET"]}}],"collection":[{"href":"https:\/\/soundberry.pl\/index.php?rest_route=\/wp\/v2\/pages"}],"about":[{"href":"https:\/\/soundberry.pl\/index.php?rest_route=\/wp\/v2\/types\/page"}],"author":[{"embeddable":true,"href":"https:\/\/soundberry.pl\/index.php?rest_route=\/wp\/v2\/users\/1"}],"replies":[{"embeddable":true,"href":"https:\/\/soundberry.pl\/index.php?rest_route=%2Fwp%2Fv2%2Fcomments&post=2"}],"version-history":[{"count":2,"href":"https:\/\/soundberry.pl\/index.php?rest_route=\/wp\/v2\/pages\/2\/revisions"}],"predecessor-version":[{"id":85,"href":"https:\/\/soundberry.pl\/index.php?rest_route=\/wp\/v2\/pages\/2\/revisions\/85"}],"wp:attachment":[{"href":"https:\/\/soundberry.pl\/index.php?rest_route=%2Fwp%2Fv2%2Fmedia&parent=2"}],"curies":[{"name":"wp","href":"https:\/\/api.w.org\/{rel}","templated":true}]}}